{"id":247394,"date":"2023-03-09T15:09:22","date_gmt":"2023-03-09T15:09:22","guid":{"rendered":"https:\/\/killeenpropertygroup.com\/leadership\/"},"modified":"2024-12-04T16:21:59","modified_gmt":"2024-12-04T16:21:59","slug":"leadership","status":"publish","type":"page","link":"https:\/\/killeenpropertygroup.com\/es\/leadership\/","title":{"rendered":"Leadership"},"content":{"rendered":"<p>[et_pb_section fb_built=\u00bb1&#8243; admin_label=\u00bbheader Section\u00bb _builder_version=\u00bb4.20.2&#8243; _module_preset=\u00bbdefault\u00bb custom_margin=\u00bb0px||0px||false|false\u00bb custom_padding=\u00bb0px||0px||false|false\u00bb global_colors_info=\u00bb{}\u00bb][et_pb_row column_structure=\u00bb2_5,3_5&#8243; _builder_version=\u00bb4.20.2&#8243; _module_preset=\u00bbdefault\u00bb max_height=\u00bb200px\u00bb global_colors_info=\u00bb{}\u00bb][et_pb_column type=\u00bb2_5&#8243; _builder_version=\u00bb4.20.2&#8243; _module_preset=\u00bbdefault\u00bb global_colors_info=\u00bb{}\u00bb][et_pb_text admin_label=\u00bbintro Text\u00bb _builder_version=\u00bb4.27.4&#8243; _module_preset=\u00bbdefault\u00bb text_text_color=\u00bb#0C3A21&#8243; header_text_color=\u00bb#0C4580&#8243; header_font_size=\u00bb34px\u00bb header_letter_spacing=\u00bb-2px\u00bb custom_margin=\u00bb||2px|||\u00bb hover_enabled=\u00bb0&#8243; locked=\u00bboff\u00bb global_colors_info=\u00bb{}\u00bb sticky_enabled=\u00bb0&#8243;]<\/p>\n<h1>Liderazgo<\/h1>\n<p>[\/et_pb_text][\/et_pb_column][et_pb_column type=\u00bb3_5&#8243; _builder_version=\u00bb4.20.2&#8243; _module_preset=\u00bbdefault\u00bb global_colors_info=\u00bb{}\u00bb][et_pb_text admin_label=\u00bbintro Text\u00bb _builder_version=\u00bb4.27.4&#8243; _module_preset=\u00bbdefault\u00bb text_font=\u00bb|300|||||||\u00bb text_text_color=\u00bb#000000&#8243; text_font_size=\u00bb19px\u00bb header_text_color=\u00bb#0C3A21&#8243; header_font_size=\u00bb34px\u00bb header_letter_spacing=\u00bb-2px\u00bb hover_enabled=\u00bb0&#8243; locked=\u00bboff\u00bb global_colors_info=\u00bb{}\u00bb sticky_enabled=\u00bb0&#8243;]<\/p>\n<p>Guiando a todo nuestro personal y socios para lograr resultados excepcionales en esta industria r\u00e1pida y constantemente evolucionante.<\/p>\n<p>[\/et_pb_text][\/et_pb_column][\/et_pb_row][\/et_pb_section][et_pb_section fb_built=\u00bb1&#8243; admin_label=\u00bbheader image Section\u00bb _builder_version=\u00bb4.20.2&#8243; _module_preset=\u00bbdefault\u00bb global_colors_info=\u00bb{}\u00bb][et_pb_row _builder_version=\u00bb4.22.2&#8243; _module_preset=\u00bbdefault\u00bb background_image=\u00bbhttps:\/\/killeenpropertygroup.com\/wp-content\/uploads\/2023\/09\/JKilleen-CEO.jpg\u00bb min_height=\u00bb400px\u00bb min_height_tablet=\u00bb200px\u00bb min_height_phone=\u00bb200px\u00bb min_height_last_edited=\u00bbon|desktop\u00bb custom_margin_tablet=\u00bb\u00bb custom_margin_phone=\u00bb|0px|||false|false\u00bb custom_margin_last_edited=\u00bbon|desktop\u00bb global_colors_info=\u00bb{}\u00bb][et_pb_column type=\u00bb4_4&#8243; _builder_version=\u00bb4.20.2&#8243; _module_preset=\u00bbdefault\u00bb global_colors_info=\u00bb{}\u00bb][\/et_pb_column][\/et_pb_row][\/et_pb_section][et_pb_section fb_built=\u00bb1&#8243; _builder_version=\u00bb4.20.2&#8243; _module_preset=\u00bbdefault\u00bb custom_margin=\u00bb0px||0px||false|false\u00bb custom_padding=\u00bb0px||0px||false|false\u00bb global_colors_info=\u00bb{}\u00bb][et_pb_row column_structure=\u00bb3_4,1_4&#8243; _builder_version=\u00bb4.20.2&#8243; _module_preset=\u00bbdefault\u00bb global_colors_info=\u00bb{}\u00bb][et_pb_column type=\u00bb3_4&#8243; _builder_version=\u00bb4.20.2&#8243; _module_preset=\u00bbdefault\u00bb global_colors_info=\u00bb{}\u00bb][et_pb_text admin_label=\u00bbintro Text\u00bb _builder_version=\u00bb4.27.4&#8243; _module_preset=\u00bbdefault\u00bb header_text_color=\u00bb#0C4580&#8243; header_font_size=\u00bb34px\u00bb header_letter_spacing=\u00bb-2px\u00bb header_2_font_size=\u00bb30px\u00bb header_2_line_height=\u00bb1.1em\u00bb hover_enabled=\u00bb0&#8243; locked=\u00bboff\u00bb global_colors_info=\u00bb{}\u00bb header_2_text_color=\u00bb#0C4580&#8243; sticky_enabled=\u00bb0&#8243;]<\/p>\n<h2>Ampliando oportunidades de crecimiento e inversi\u00f3n.<span style=\"color: #999999;\"> \u00a1Liderazgo en acci\u00f3n, desbloqueando potencial, entregando mejor!<\/span><\/h2>\n<p>[\/et_pb_text][\/et_pb_column][et_pb_column type=\u00bb1_4&#8243; _builder_version=\u00bb4.20.2&#8243; _module_preset=\u00bbdefault\u00bb global_colors_info=\u00bb{}\u00bb][\/et_pb_column][\/et_pb_row][\/et_pb_section][et_pb_section fb_built=\u00bb1&#8243; _builder_version=\u00bb4.20.2&#8243; _module_preset=\u00bbdefault\u00bb custom_padding=\u00bb54px|||||\u00bb global_colors_info=\u00bb{}\u00bb][et_pb_row _builder_version=\u00bb4.20.2&#8243; _module_preset=\u00bbdefault\u00bb global_colors_info=\u00bb{}\u00bb][et_pb_column type=\u00bb4_4&#8243; _builder_version=\u00bb4.20.2&#8243; _module_preset=\u00bbdefault\u00bb global_colors_info=\u00bb{}\u00bb][et_pb_text admin_label=\u00bbintro Text\u00bb _builder_version=\u00bb4.23.1&#8243; _module_preset=\u00bbdefault\u00bb header_text_color=\u00bb#0C3A21&#8243; header_font_size=\u00bb34px\u00bb header_letter_spacing=\u00bb-2px\u00bb locked=\u00bboff\u00bb global_colors_info=\u00bb{}\u00bb]El liderazgo no es solo una posici\u00f3n o un t\u00edtulo. Es la capacidad de inspirar y guiar a otros hacia un objetivo com\u00fan, desbloqueando al mismo tiempo su m\u00e1ximo potencial. En KPG, todos nuestros l\u00edderes de equipo est\u00e1n estableciendo el est\u00e1ndar de excelencia y obteniendo mejores resultados.<\/p>\n<p>Uno de los aspectos m\u00e1s importantes del liderazgo en acci\u00f3n es la capacidad para reconocer y cultivar los talentos de quienes te rodean. Continuamente empoderamos a los miembros de nuestro equipo delegando responsabilidades, brindando oportunidades de crecimiento y desarrollo.<\/p>\n<p>El liderazgo en el sector inmobiliario requiere una combinaci\u00f3n \u00fanica de pensamiento estrat\u00e9gico, construcci\u00f3n de relaciones y una comprensi\u00f3n profunda de las tendencias del mercado. Como l\u00edderes efectivos en bienes ra\u00edces, inspiramos continuamente a los equipos para lograr resultados excepcionales mientras navegan por regulaciones complejas y fuerzas del mercado.<\/p>\n<p>Hemos cultivado relaciones s\u00f3lidas con clientes, socios y otros interesados, asegurando al mismo tiempo que la organizaci\u00f3n est\u00e9 posicionada para el \u00e9xito a largo plazo. Ya sea trabajando en bienes ra\u00edces residenciales o comerciales, estamos posicionados para lograr el \u00e9xito en esta industria r\u00e1pida y constantemente evolucionante.<\/p>\n<p>Adem\u00e1s, los l\u00edderes en acci\u00f3n deben ser capaces de comunicarse eficazmente, tanto con los miembros de su equipo como con otros interesados. Esto significa poder escuchar de manera activa, comunicarse claramente e inspirar a otros a trav\u00e9s de sus palabras y acciones.[\/et_pb_text][\/et_pb_column][\/et_pb_row][\/et_pb_section]<\/p>\n","protected":false},"excerpt":{"rendered":"<p>LiderazgoGuiando a todo nuestro personal y socios para lograr resultados excepcionales en esta industria r\u00e1pida y constantemente evolucionante.Ampliando oportunidades de crecimiento e inversi\u00f3n. \u00a1Liderazgo en acci\u00f3n, desbloqueando potencial, entregando mejor!El liderazgo no es solo una posici\u00f3n o un t\u00edtulo. Es la capacidad de inspirar y guiar a otros hacia un objetivo com\u00fan, desbloqueando al mismo [&hellip;]<\/p>\n","protected":false},"author":1,"featured_media":0,"parent":0,"menu_order":0,"comment_status":"closed","ping_status":"closed","template":"","meta":{"_et_pb_use_builder":"on","_et_pb_old_content":"","_et_gb_content_width":"","footnotes":""},"class_list":["post-247394","page","type-page","status-publish","hentry"],"yoast_head":"<!-- This site is optimized with the Yoast SEO plugin v25.3 - https:\/\/yoast.com\/wordpress\/plugins\/seo\/ -->\n<title>Leadership - Killeen Property Group<\/title>\n<meta name=\"robots\" content=\"index, follow, max-snippet:-1, max-image-preview:large, max-video-preview:-1\" \/>\n<link rel=\"canonical\" href=\"https:\/\/killeenpropertygroup.com\/es\/leadership\/\" \/>\n<meta property=\"og:locale\" content=\"es_ES\" \/>\n<meta property=\"og:type\" content=\"article\" \/>\n<meta property=\"og:title\" content=\"Leadership - Killeen Property Group\" \/>\n<meta property=\"og:description\" content=\"LiderazgoGuiando a todo nuestro personal y socios para lograr resultados excepcionales en esta industria r\u00e1pida y constantemente evolucionante.Ampliando oportunidades de crecimiento e inversi\u00f3n. \u00a1Liderazgo en acci\u00f3n, desbloqueando potencial, entregando mejor!El liderazgo no es solo una posici\u00f3n o un t\u00edtulo. Es la capacidad de inspirar y guiar a otros hacia un objetivo com\u00fan, desbloqueando al mismo [&hellip;]\" \/>\n<meta property=\"og:url\" content=\"https:\/\/killeenpropertygroup.com\/es\/leadership\/\" \/>\n<meta property=\"og:site_name\" content=\"Killeen Property Group\" \/>\n<meta property=\"article:modified_time\" content=\"2024-12-04T16:21:59+00:00\" \/>\n<meta name=\"twitter:card\" content=\"summary_large_image\" \/>\n<meta name=\"twitter:label1\" content=\"Tiempo de lectura\" \/>\n\t<meta name=\"twitter:data1\" content=\"4 minutos\" \/>\n<script type=\"application\/ld+json\" class=\"yoast-schema-graph\">{\"@context\":\"https:\/\/schema.org\",\"@graph\":[{\"@type\":\"WebPage\",\"@id\":\"https:\/\/killeenpropertygroup.com\/es\/leadership\/\",\"url\":\"https:\/\/killeenpropertygroup.com\/es\/leadership\/\",\"name\":\"Leadership - Killeen Property Group\",\"isPartOf\":{\"@id\":\"https:\/\/killeenpropertygroup.com\/#website\"},\"datePublished\":\"2023-03-09T15:09:22+00:00\",\"dateModified\":\"2024-12-04T16:21:59+00:00\",\"breadcrumb\":{\"@id\":\"https:\/\/killeenpropertygroup.com\/es\/leadership\/#breadcrumb\"},\"inLanguage\":\"es\",\"potentialAction\":[{\"@type\":\"ReadAction\",\"target\":[\"https:\/\/killeenpropertygroup.com\/es\/leadership\/\"]}]},{\"@type\":\"BreadcrumbList\",\"@id\":\"https:\/\/killeenpropertygroup.com\/es\/leadership\/#breadcrumb\",\"itemListElement\":[{\"@type\":\"ListItem\",\"position\":1,\"name\":\"Home\",\"item\":\"https:\/\/killeenpropertygroup.com\/es\/\"},{\"@type\":\"ListItem\",\"position\":2,\"name\":\"Leadership\"}]},{\"@type\":\"WebSite\",\"@id\":\"https:\/\/killeenpropertygroup.com\/#website\",\"url\":\"https:\/\/killeenpropertygroup.com\/\",\"name\":\"Killeen Property Group\",\"description\":\"Elevating Property Investment Through Digital Intelligence\",\"publisher\":{\"@id\":\"https:\/\/killeenpropertygroup.com\/#organization\"},\"potentialAction\":[{\"@type\":\"SearchAction\",\"target\":{\"@type\":\"EntryPoint\",\"urlTemplate\":\"https:\/\/killeenpropertygroup.com\/?s={search_term_string}\"},\"query-input\":{\"@type\":\"PropertyValueSpecification\",\"valueRequired\":true,\"valueName\":\"search_term_string\"}}],\"inLanguage\":\"es\"},{\"@type\":\"Organization\",\"@id\":\"https:\/\/killeenpropertygroup.com\/#organization\",\"name\":\"Killeen Property Group\",\"url\":\"https:\/\/killeenpropertygroup.com\/\",\"logo\":{\"@type\":\"ImageObject\",\"inLanguage\":\"es\",\"@id\":\"https:\/\/killeenpropertygroup.com\/#\/schema\/logo\/image\/\",\"url\":\"https:\/\/killeenpropertygroup.com\/wp-content\/uploads\/2025\/06\/KPG_GROUP_logo_white.jpg\",\"contentUrl\":\"https:\/\/killeenpropertygroup.com\/wp-content\/uploads\/2025\/06\/KPG_GROUP_logo_white.jpg\",\"width\":921,\"height\":795,\"caption\":\"Killeen Property Group\"},\"image\":{\"@id\":\"https:\/\/killeenpropertygroup.com\/#\/schema\/logo\/image\/\"},\"sameAs\":[\"https:\/\/www.linkedin.com\/company\/killeen-property-group-kpg-sl\/\"]}]}<\/script>\n<!-- \/ Yoast SEO plugin. -->","yoast_head_json":{"title":"Leadership - Killeen Property Group","robots":{"index":"index","follow":"follow","max-snippet":"max-snippet:-1","max-image-preview":"max-image-preview:large","max-video-preview":"max-video-preview:-1"},"canonical":"https:\/\/killeenpropertygroup.com\/es\/leadership\/","og_locale":"es_ES","og_type":"article","og_title":"Leadership - Killeen Property Group","og_description":"LiderazgoGuiando a todo nuestro personal y socios para lograr resultados excepcionales en esta industria r\u00e1pida y constantemente evolucionante.Ampliando oportunidades de crecimiento e inversi\u00f3n. \u00a1Liderazgo en acci\u00f3n, desbloqueando potencial, entregando mejor!El liderazgo no es solo una posici\u00f3n o un t\u00edtulo. Es la capacidad de inspirar y guiar a otros hacia un objetivo com\u00fan, desbloqueando al mismo [&hellip;]","og_url":"https:\/\/killeenpropertygroup.com\/es\/leadership\/","og_site_name":"Killeen Property Group","article_modified_time":"2024-12-04T16:21:59+00:00","twitter_card":"summary_large_image","twitter_misc":{"Tiempo de lectura":"4 minutos"},"schema":{"@context":"https:\/\/schema.org","@graph":[{"@type":"WebPage","@id":"https:\/\/killeenpropertygroup.com\/es\/leadership\/","url":"https:\/\/killeenpropertygroup.com\/es\/leadership\/","name":"Leadership - Killeen Property Group","isPartOf":{"@id":"https:\/\/killeenpropertygroup.com\/#website"},"datePublished":"2023-03-09T15:09:22+00:00","dateModified":"2024-12-04T16:21:59+00:00","breadcrumb":{"@id":"https:\/\/killeenpropertygroup.com\/es\/leadership\/#breadcrumb"},"inLanguage":"es","potentialAction":[{"@type":"ReadAction","target":["https:\/\/killeenpropertygroup.com\/es\/leadership\/"]}]},{"@type":"BreadcrumbList","@id":"https:\/\/killeenpropertygroup.com\/es\/leadership\/#breadcrumb","itemListElement":[{"@type":"ListItem","position":1,"name":"Home","item":"https:\/\/killeenpropertygroup.com\/es\/"},{"@type":"ListItem","position":2,"name":"Leadership"}]},{"@type":"WebSite","@id":"https:\/\/killeenpropertygroup.com\/#website","url":"https:\/\/killeenpropertygroup.com\/","name":"Killeen Property Group","description":"Elevating Property Investment Through Digital Intelligence","publisher":{"@id":"https:\/\/killeenpropertygroup.com\/#organization"},"potentialAction":[{"@type":"SearchAction","target":{"@type":"EntryPoint","urlTemplate":"https:\/\/killeenpropertygroup.com\/?s={search_term_string}"},"query-input":{"@type":"PropertyValueSpecification","valueRequired":true,"valueName":"search_term_string"}}],"inLanguage":"es"},{"@type":"Organization","@id":"https:\/\/killeenpropertygroup.com\/#organization","name":"Killeen Property Group","url":"https:\/\/killeenpropertygroup.com\/","logo":{"@type":"ImageObject","inLanguage":"es","@id":"https:\/\/killeenpropertygroup.com\/#\/schema\/logo\/image\/","url":"https:\/\/killeenpropertygroup.com\/wp-content\/uploads\/2025\/06\/KPG_GROUP_logo_white.jpg","contentUrl":"https:\/\/killeenpropertygroup.com\/wp-content\/uploads\/2025\/06\/KPG_GROUP_logo_white.jpg","width":921,"height":795,"caption":"Killeen Property Group"},"image":{"@id":"https:\/\/killeenpropertygroup.com\/#\/schema\/logo\/image\/"},"sameAs":["https:\/\/www.linkedin.com\/company\/killeen-property-group-kpg-sl\/"]}]}},"_links":{"self":[{"href":"https:\/\/killeenpropertygroup.com\/es\/wp-json\/wp\/v2\/pages\/247394","targetHints":{"allow":["GET"]}}],"collection":[{"href":"https:\/\/killeenpropertygroup.com\/es\/wp-json\/wp\/v2\/pages"}],"about":[{"href":"https:\/\/killeenpropertygroup.com\/es\/wp-json\/wp\/v2\/types\/page"}],"author":[{"embeddable":true,"href":"https:\/\/killeenpropertygroup.com\/es\/wp-json\/wp\/v2\/users\/1"}],"replies":[{"embeddable":true,"href":"https:\/\/killeenpropertygroup.com\/es\/wp-json\/wp\/v2\/comments?post=247394"}],"version-history":[{"count":2,"href":"https:\/\/killeenpropertygroup.com\/es\/wp-json\/wp\/v2\/pages\/247394\/revisions"}],"predecessor-version":[{"id":247930,"href":"https:\/\/killeenpropertygroup.com\/es\/wp-json\/wp\/v2\/pages\/247394\/revisions\/247930"}],"wp:attachment":[{"href":"https:\/\/killeenpropertygroup.com\/es\/wp-json\/wp\/v2\/media?parent=247394"}],"curies":[{"name":"wp","href":"https:\/\/api.w.org\/{rel}","templated":true}]}}