{"id":247378,"date":"2023-09-28T13:55:18","date_gmt":"2023-09-28T13:55:18","guid":{"rendered":"https:\/\/killeenpropertygroup.com\/prime-luxury\/"},"modified":"2025-07-02T14:46:54","modified_gmt":"2025-07-02T14:46:54","slug":"prime-luxury","status":"publish","type":"page","link":"https:\/\/killeenpropertygroup.com\/es\/prime-luxury\/","title":{"rendered":"Prime &#038; Luxury"},"content":{"rendered":"<p>[et_pb_section fb_built=\u00bb1&#8243; admin_label=\u00bbhead Section\u00bb _builder_version=\u00bb4.27.4&#8243; _module_preset=\u00bbdefault\u00bb background_enable_color=\u00bboff\u00bb use_background_color_gradient=\u00bbon\u00bb background_color_gradient_stops=\u00bbrgba(0,0,0,0.6) 0%|rgba(81,81,81,0.57) 100%\u00bb background_color_gradient_overlays_image=\u00bbon\u00bb background_video_mp4=\u00bbhttps:\/\/killeenpropertygroup.com\/wp-content\/uploads\/2025\/06\/prime-luxury-1080.mp4&#8243; background_video_webm=\u00bbhttps:\/\/killeenpropertygroup.com\/wp-content\/uploads\/2025\/06\/prime-luxury-1080.webm\u00bb custom_padding=\u00bb54px|||||\u00bb custom_css_before=\u00bb content:%22%22;||    display: block;||    position: absolute;||    top: 0;||    left: 0;||    width: 100%;||    height: 100%;||    background-color: rgba(0,0,0,0.5);||    z-index: 9;\u00bb collapsed=\u00bboff\u00bb global_colors_info=\u00bb{}\u00bb][et_pb_row column_structure=\u00bb3_5,2_5&#8243; make_equal=\u00bbon\u00bb _builder_version=\u00bb4.22.2&#8243; _module_preset=\u00bbdefault\u00bb z_index=\u00bb12&#8243; global_colors_info=\u00bb{}\u00bb][et_pb_column type=\u00bb3_5&#8243; _builder_version=\u00bb4.22.2&#8243; _module_preset=\u00bbdefault\u00bb global_colors_info=\u00bb{}\u00bb][et_pb_text _builder_version=\u00bb4.23.1&#8243; _module_preset=\u00bb53fac924-1644-4f70-a8a0-435df3cf1c52&#8243; header_font=\u00bb|700|||||||\u00bb header_text_color=\u00bb#FFFFFF\u00bb header_font_size=\u00bb72px\u00bb header_letter_spacing=\u00bb-5px\u00bb custom_padding=\u00bb||7vh||false|false\u00bb custom_padding_tablet=\u00bb||4vh||false|false\u00bb custom_padding_phone=\u00bb||4vh||false|false\u00bb custom_padding_last_edited=\u00bbon|phone\u00bb header_font_size_tablet=\u00bb50px\u00bb header_font_size_phone=\u00bb40px\u00bb header_font_size_last_edited=\u00bbon|desktop\u00bb header_letter_spacing_tablet=\u00bb-3px\u00bb header_letter_spacing_phone=\u00bb-2px\u00bb header_letter_spacing_last_edited=\u00bbon|phone\u00bb locked=\u00bboff\u00bb global_colors_info=\u00bb{}\u00bb]<\/p>\n<h1>Las propiedades m\u00e1s exclusivas en Lanzarote<\/h1>\n<p>[\/et_pb_text][et_pb_button button_url=\u00bb#values\u00bb button_text=\u00bbM\u00e1s informaci\u00f3n\u00bb _builder_version=\u00bb4.23.1&#8243; _module_preset=\u00bbf05bba5e-c4ed-4d16-99f6-de883c2b94d5&#8243; custom_button=\u00bbon\u00bb button_text_size=\u00bb17px\u00bb button_text_color=\u00bb#FFFFFF\u00bb button_bg_color=\u00bb#000000&#8243; button_border_width=\u00bb0px\u00bb button_border_radius=\u00bb0px\u00bb button_font=\u00bb|||on|||||\u00bb button_use_icon=\u00bboff\u00bb custom_padding=\u00bb40px|20px|40px|20px|true|true\u00bb custom_padding_tablet=\u00bb40px||40px||true|true\u00bb custom_padding_last_edited=\u00bboff|phone\u00bb locked=\u00bboff\u00bb global_colors_info=\u00bb{}\u00bb button_bg_color__hover_enabled=\u00bbon|hover\u00bb button_bg_color__hover=\u00bb#a2853f\u00bb button_bg_enable_color__hover=\u00bbon\u00bb][\/et_pb_button][\/et_pb_column][et_pb_column type=\u00bb2_5&#8243; _builder_version=\u00bb4.22.2&#8243; _module_preset=\u00bbdefault\u00bb background_enable_video_mp4=\u00bboff\u00bb position_origin_a=\u00bbtop_right\u00bb custom_padding=\u00bb||||false|false\u00bb global_colors_info=\u00bb{}\u00bb][\/et_pb_column][\/et_pb_row][\/et_pb_section][et_pb_section fb_built=\u00bb1&#8243; admin_label=\u00bbIntro\u00bb _builder_version=\u00bb4.16&#8243; _module_preset=\u00bbdefault\u00bb collapsed=\u00bboff\u00bb global_colors_info=\u00bb{}\u00bb][et_pb_row column_structure=\u00bb1_2,1_4,1_4&#8243; use_custom_gutter=\u00bbon\u00bb gutter_width=\u00bb2&#8243; _builder_version=\u00bb4.22.2&#8243; _module_preset=\u00bbdefault\u00bb global_colors_info=\u00bb{}\u00bb][et_pb_column type=\u00bb1_2&#8243; _builder_version=\u00bb4.22.2&#8243; _module_preset=\u00bbdefault\u00bb global_colors_info=\u00bb{}\u00bb][et_pb_text _builder_version=\u00bb4.23.2&#8243; _module_preset=\u00bbdefault\u00bb header_text_color=\u00bb#bea876&#8243; header_font_size=\u00bb48px\u00bb header_letter_spacing=\u00bb-2px\u00bb header_4_font=\u00bb|300|||||||\u00bb header_font_size_tablet=\u00bb48px\u00bb header_font_size_phone=\u00bb42px\u00bb header_font_size_last_edited=\u00bbon|phone\u00bb global_colors_info=\u00bb{}\u00bb]<\/p>\n<h1> Abraza lo extraordinario con KPG Prestige, donde cada propiedad cuenta una historia<\/h1>\n<p>Sin\u00f3nimo de exclusividad, calidad y servicio incomparable. Con un compromiso inquebrantable con la excelencia, atendemos a la clientela m\u00e1s exigente que busca el ep\u00edtome de una vida opulenta.[\/et_pb_text][\/et_pb_column][et_pb_column type=\u00bb1_4&#8243; _builder_version=\u00bb4.22.2&#8243; _module_preset=\u00bbdefault\u00bb custom_padding=\u00bb|0px||0px|false|true\u00bb global_colors_info=\u00bb{}\u00bb][et_pb_text _builder_version=\u00bb4.23.1&#8243; _module_preset=\u00bbdefault\u00bb ul_font=\u00bb|300|||||||\u00bb ul_line_height=\u00bb26px\u00bb width=\u00bb118%\u00bb width_tablet=\u00bb100%\u00bb width_phone=\u00bb100%\u00bb width_last_edited=\u00bbon|desktop\u00bb global_colors_info=\u00bb{}\u00bb width__hover_enabled=\u00bbon|desktop\u00bb width__hover=\u00bb118%\u00bb]<\/p>\n<ul>\n<li>Expertos en transacciones de alto patrimonio<\/li>\n<li>Portafolio curado de propiedades Prime y de Lujo<\/li>\n<li>Gesti\u00f3n personalizada de propiedades y activos<\/li>\n<li>Experiencia principal en dise\u00f1o y construcci\u00f3n<\/li>\n<li>Acceso exclusivo a ofertas inmobiliarias fuera del mercado y eventos de networking<\/li>\n<li>Soporte asesor de alto nivel<\/li>\n<\/ul>\n<p>[\/et_pb_text][\/et_pb_column][et_pb_column type=\u00bb1_4&#8243; _builder_version=\u00bb4.22.2&#8243; _module_preset=\u00bbdefault\u00bb global_colors_info=\u00bb{}\u00bb][et_pb_image src=\u00bbhttps:\/\/killeenpropertygroup.com\/wp-content\/uploads\/2025\/07\/Prestige-by-KPG_logo_transparent-1.png\u00bb title_text=\u00bbPrestige-by-KPG_logo_transparent\u00bb align=\u00bbright\u00bb _builder_version=\u00bb4.27.4&#8243; _module_preset=\u00bbdefault\u00bb width=\u00bb80%\u00bb hover_enabled=\u00bb0&#8243; global_colors_info=\u00bb{}\u00bb module_alignment=\u00bbright\u00bb sticky_enabled=\u00bb0&#8243; locked=\u00bboff\u00bb][\/et_pb_image][\/et_pb_column][\/et_pb_row][et_pb_row column_structure=\u00bb1_6,1_6,1_6,1_6,1_6,1_6&#8243; disabled_on=\u00bboff|off|off\u00bb _builder_version=\u00bb4.23&#8243; _module_preset=\u00bbdefault\u00bb global_colors_info=\u00bb{}\u00bb][et_pb_column type=\u00bb1_6&#8243; _builder_version=\u00bb4.22.2&#8243; _module_preset=\u00bbdefault\u00bb global_colors_info=\u00bb{}\u00bb][et_pb_button button_url=\u00bbhttps:\/\/www.kpgprestige.com\/\u00bb url_new_window=\u00bbon\u00bb button_text=\u00bb.\u00bb _builder_version=\u00bb4.23.2&#8243; _module_preset=\u00bbdefault\u00bb custom_button=\u00bbon\u00bb button_text_size=\u00bb19px\u00bb button_text_color=\u00bb#FFFFFF\u00bb button_border_color=\u00bb#a2853f\u00bb button_border_radius=\u00bb100px\u00bb button_icon=\u00bb&#xf0c1;||fa||900&#8243; button_icon_color=\u00bb#a2853f\u00bb button_on_hover=\u00bboff\u00bb custom_margin=\u00bb|0px||0px|false|false\u00bb custom_padding=\u00bb|38px||0px|false|false\u00bb global_colors_info=\u00bb{}\u00bb button_icon_color__hover_enabled=\u00bbon|hover\u00bb button_icon_color__hover=\u00bb#FFFFFF\u00bb button_bg_color__hover_enabled=\u00bbon|hover\u00bb button_bg_color__hover=\u00bb#a2853f\u00bb button_bg_enable_color__hover=\u00bbon\u00bb button_text_color__hover_enabled=\u00bbon|hover\u00bb button_text_color__hover=\u00bb#a2853f\u00bb][\/et_pb_button][\/et_pb_column][et_pb_column type=\u00bb1_6&#8243; _builder_version=\u00bb4.22.2&#8243; _module_preset=\u00bbdefault\u00bb global_colors_info=\u00bb{}\u00bb][\/et_pb_column][et_pb_column type=\u00bb1_6&#8243; _builder_version=\u00bb4.22.2&#8243; _module_preset=\u00bbdefault\u00bb global_colors_info=\u00bb{}\u00bb][\/et_pb_column][et_pb_column type=\u00bb1_6&#8243; _builder_version=\u00bb4.22.2&#8243; _module_preset=\u00bbdefault\u00bb border_width_left=\u00bb1px\u00bb border_color_left=\u00bbrgba(173,173,173,0.42)\u00bb global_colors_info=\u00bb{}\u00bb][et_pb_blurb title=\u00bbValoraci\u00f3n experta\u00bb image=\u00bbhttps:\/\/killeenpropertygroup.com\/wp-content\/uploads\/2023\/10\/icon-valuation.png\u00bb image_icon_width=\u00bb77%\u00bb _builder_version=\u00bb4.23.1&#8243; _module_preset=\u00bbdefault\u00bb header_text_align=\u00bbcenter\u00bb header_font_size=\u00bb15px\u00bb min_height=\u00bb204.5px\u00bb custom_margin=\u00bb||||false|false\u00bb custom_padding=\u00bb|||0px|false|false\u00bb animation_style=\u00bbflip\u00bb animation_duration=\u00bb1500ms\u00bb animation_delay=\u00bb20ms\u00bb animation=\u00bbbottom\u00bb global_colors_info=\u00bb{}\u00bb][\/et_pb_blurb][\/et_pb_column][et_pb_column type=\u00bb1_6&#8243; _builder_version=\u00bb4.22.2&#8243; _module_preset=\u00bbdefault\u00bb border_width_left=\u00bb1px\u00bb border_color_left=\u00bbrgba(173,173,173,0.42)\u00bb global_colors_info=\u00bb{}\u00bb][et_pb_blurb title=\u00bbTransacciones de alto patrimonio\u00bb image=\u00bbhttps:\/\/killeenpropertygroup.com\/wp-content\/uploads\/2023\/11\/icon-highnetworth.png\u00bb image_icon_width=\u00bb77%\u00bb _builder_version=\u00bb4.23.1&#8243; _module_preset=\u00bbdefault\u00bb header_text_align=\u00bbcenter\u00bb header_font_size=\u00bb15px\u00bb min_height=\u00bb204.5px\u00bb animation_style=\u00bbfold\u00bb animation_duration=\u00bb1500ms\u00bb animation_delay=\u00bb500ms\u00bb animation=\u00bbright\u00bb global_colors_info=\u00bb{}\u00bb][\/et_pb_blurb][\/et_pb_column][et_pb_column type=\u00bb1_6&#8243; _builder_version=\u00bb4.22.2&#8243; _module_preset=\u00bbdefault\u00bb border_width_left=\u00bb1px\u00bb border_color_left=\u00bbrgba(173,173,173,0.42)\u00bb global_colors_info=\u00bb{}\u00bb][et_pb_blurb title=\u00bbServicio VIP\u00bb image=\u00bbhttps:\/\/killeenpropertygroup.com\/wp-content\/uploads\/2023\/10\/icon-post-sale-support.png\u00bb image_icon_width=\u00bb77%\u00bb _builder_version=\u00bb4.23.1&#8243; _module_preset=\u00bbdefault\u00bb header_text_align=\u00bbcenter\u00bb header_font_size=\u00bb15px\u00bb min_height=\u00bb204.5px\u00bb animation_style=\u00bbflip\u00bb animation_duration=\u00bb1500ms\u00bb animation_delay=\u00bb500ms\u00bb animation=\u00bbbottom\u00bb global_colors_info=\u00bb{}\u00bb][\/et_pb_blurb][\/et_pb_column][\/et_pb_row][\/et_pb_section][et_pb_section fb_built=\u00bb1&#8243; module_id=\u00bbvalues\u00bb _builder_version=\u00bb4.22.2&#8243; _module_preset=\u00bbdefault\u00bb background_color=\u00bb#EEF0F0&#8243; global_colors_info=\u00bb{}\u00bb][et_pb_row column_structure=\u00bb1_4,1_4,1_4,1_4&#8243; _builder_version=\u00bb4.22.2&#8243; _module_preset=\u00bbdefault\u00bb global_colors_info=\u00bb{}\u00bb][et_pb_column type=\u00bb1_4&#8243; _builder_version=\u00bb4.22.2&#8243; _module_preset=\u00bbdefault\u00bb global_colors_info=\u00bb{}\u00bb][et_pb_text _builder_version=\u00bb4.23.1&#8243; _module_preset=\u00bbdefault\u00bb text_font=\u00bb||||||||\u00bb header_font=\u00bb|800|||||||\u00bb header_text_color=\u00bb#000000&#8243; header_font_size=\u00bb40px\u00bb header_letter_spacing=\u00bb-2px\u00bb header_line_height=\u00bb0.9em\u00bb header_2_text_color=\u00bb#000000&#8243; global_colors_info=\u00bb{}\u00bb]<\/p>\n<h2>Excelencia en bienes ra\u00edces Prime y de Lujo<\/h2>\n<p>&nbsp;<\/p>\n<p>[\/et_pb_text][\/et_pb_column][et_pb_column type=\u00bb1_4&#8243; _builder_version=\u00bb4.22.2&#8243; _module_preset=\u00bbdefault\u00bb global_colors_info=\u00bb{}\u00bb][et_pb_text _builder_version=\u00bb4.23.1&#8243; _module_preset=\u00bbdefault\u00bb text_font=\u00bb|300|||||||\u00bb header_text_color=\u00bb#009849&#8243; header_font_size=\u00bb48px\u00bb header_letter_spacing=\u00bb-2px\u00bb header_2_text_color=\u00bb#000000&#8243; global_colors_info=\u00bb{}\u00bb]<\/p>\n<h2>Colecci\u00f3n<\/h2>\n<p>Entendemos que un hogar es m\u00e1s que una estructura f\u00edsica; es una encarnaci\u00f3n de tus aspiraciones y un reflejo de tu estilo \u00fanico. Ya sea que visualices una propiedad frente al mar con brisa o una casa campestre expansiva, nuestro portafolio de propiedades notables est\u00e1 meticulosamente curado.<\/p>\n<p>[\/et_pb_text][\/et_pb_column][et_pb_column type=\u00bb1_4&#8243; _builder_version=\u00bb4.22.2&#8243; _module_preset=\u00bbdefault\u00bb global_colors_info=\u00bb{}\u00bb][et_pb_text _builder_version=\u00bb4.23.1&#8243; _module_preset=\u00bbdefault\u00bb text_font=\u00bb|300|||||||\u00bb header_text_color=\u00bb#009849&#8243; header_font_size=\u00bb48px\u00bb header_letter_spacing=\u00bb-2px\u00bb header_2_text_color=\u00bb#000000&#8243; global_colors_info=\u00bb{}\u00bb]<\/p>\n<h2>Lujo<\/h2>\n<p>KPG Prestige se dedica exclusivamente a curar propiedades excepcionales y opulentas para la clientela m\u00e1s exigente. Entendemos que el lujo va m\u00e1s all\u00e1 de simples caracter\u00edsticas; abarca un estilo de vida inigualable y experiencias exquisitas.<\/p>\n<p>[\/et_pb_text][\/et_pb_column][et_pb_column type=\u00bb1_4&#8243; _builder_version=\u00bb4.22.2&#8243; _module_preset=\u00bbdefault\u00bb global_colors_info=\u00bb{}\u00bb][et_pb_text _builder_version=\u00bb4.23.1&#8243; _module_preset=\u00bbdefault\u00bb text_font=\u00bb|300|||||||\u00bb header_text_color=\u00bb#009849&#8243; header_font_size=\u00bb48px\u00bb header_letter_spacing=\u00bb-2px\u00bb header_2_text_color=\u00bb#000000&#8243; global_colors_info=\u00bb{}\u00bb]<\/p>\n<h2>Experiencia<\/h2>\n<p>Nuestro equipo de profesionales inmobiliarios experimentados re\u00fane una amplia experiencia y un profundo conocimiento del mercado Prime y de Lujo. Garantizamos que cada aspecto del proceso de compra y venta se maneje con la m\u00e1xima precisi\u00f3n y cuidado.<\/p>\n<p>[\/et_pb_text][\/et_pb_column][\/et_pb_row][et_pb_row _builder_version=\u00bb4.22.2&#8243; _module_preset=\u00bbdefault\u00bb global_colors_info=\u00bb{}\u00bb][et_pb_column type=\u00bb4_4&#8243; _builder_version=\u00bb4.22.2&#8243; _module_preset=\u00bbdefault\u00bb global_colors_info=\u00bb{}\u00bb][et_pb_text _builder_version=\u00bb4.23.1&#8243; _module_preset=\u00bbdefault\u00bb text_font=\u00bb|600|||||||\u00bb header_text_color=\u00bb#009849&#8243; header_font_size=\u00bb48px\u00bb header_letter_spacing=\u00bb-2px\u00bb header_2_text_color=\u00bb#009849&#8243; global_colors_info=\u00bb{}\u00bb]<\/p>\n<p>Apreciamos que la privacidad y la confidencialidad son primordiales, y nuestros agentes brindan un servicio discreto y personalizado manteniendo los m\u00e1s altos est\u00e1ndares de profesionalismo.<\/p>\n<p>[\/et_pb_text][\/et_pb_column][\/et_pb_row][\/et_pb_section][et_pb_section fb_built=\u00bb1&#8243; _builder_version=\u00bb4.22.2&#8243; _module_preset=\u00bbdefault\u00bb background_color=\u00bb#000000&#8243; width=\u00bb100%\u00bb min_height=\u00bb242px\u00bb custom_padding=\u00bb3px||0px|||\u00bb border_width_left=\u00bb16vw\u00bb border_color_left=\u00bb#FFFFFF\u00bb border_width_left_tablet=\u00bb10vw\u00bb border_width_left_phone=\u00bb0vw\u00bb border_width_left_last_edited=\u00bbon|phone\u00bb global_colors_info=\u00bb{}\u00bb][et_pb_row _builder_version=\u00bb4.22.2&#8243; _module_preset=\u00bbdefault\u00bb min_height=\u00bb175.5px\u00bb custom_margin=\u00bb|||0px|false|false\u00bb custom_margin_tablet=\u00bb|||0px|false|false\u00bb custom_margin_phone=\u00bb|||40px|false|false\u00bb custom_margin_last_edited=\u00bbon|desktop\u00bb global_colors_info=\u00bb{}\u00bb][et_pb_column type=\u00bb4_4&#8243; _builder_version=\u00bb4.22.2&#8243; _module_preset=\u00bbdefault\u00bb global_colors_info=\u00bb{}\u00bb][et_pb_text _builder_version=\u00bb4.23.1&#8243; _module_preset=\u00bb53fac924-1644-4f70-a8a0-435df3cf1c52&#8243; header_font=\u00bbInter Tight|900|||||||\u00bb header_text_align=\u00bbcenter\u00bb header_text_color=\u00bb#FFFFFF\u00bb header_font_size=\u00bb90px\u00bb header_line_height=\u00bb1.1em\u00bb width=\u00bb100%\u00bb custom_margin=\u00bb|||10px|false|false\u00bb custom_margin_tablet=\u00bb|||35px|false|false\u00bb custom_margin_phone=\u00bb|||-29px|false|false\u00bb custom_margin_last_edited=\u00bbon|desktop\u00bb header_text_align_tablet=\u00bbcenter\u00bb header_text_align_phone=\u00bbright\u00bb header_text_align_last_edited=\u00bbon|phone\u00bb header_font_size_tablet=\u00bb50px\u00bb header_font_size_phone=\u00bb30px\u00bb header_font_size_last_edited=\u00bbon|phone\u00bb locked=\u00bboff\u00bb global_colors_info=\u00bb{}\u00bb]<\/p>\n<h1>Trabajemos juntos<\/h1>\n<p>[\/et_pb_text][et_pb_button button_url=\u00bb@ET-DC@eyJkeW5hbWljIjp0cnVlLCJjb250ZW50IjoicG9zdF9saW5rX3VybF9wYWdlIiwic2V0dGluZ3MiOnsicG9zdF9pZCI6IjI0NzM2MCJ9fQ==@\u00bb button_text=\u00bbCont\u00e1ctenos\u00bb button_alignment=\u00bbleft\u00bb _builder_version=\u00bb4.27.4&#8243; _dynamic_attributes=\u00bbbutton_url\u00bb _module_preset=\u00bbbdf23963-464b-4991-88aa-271cf8b45b57&#8243; custom_button=\u00bbon\u00bb button_text_size=\u00bb14px\u00bb button_text_color=\u00bb#000000&#8243; button_bg_color=\u00bb#FFFFFF\u00bb button_border_width=\u00bb0px\u00bb button_border_radius=\u00bb0px\u00bb button_font=\u00bb|700|||||||\u00bb button_use_icon=\u00bboff\u00bb custom_margin=\u00bb|||8vw|false|false\u00bb custom_padding=\u00bb20px|30px|20px|30px|true|true\u00bb locked=\u00bboff\u00bb global_colors_info=\u00bb{}\u00bb button_bg_color__hover_enabled=\u00bbon|hover\u00bb button_bg_color__hover=\u00bb#bea876&#8243; button_bg_enable_color__hover=\u00bbon\u00bb][\/et_pb_button][\/et_pb_column][\/et_pb_row][\/et_pb_section]<\/p>\n","protected":false},"excerpt":{"rendered":"<p>Las propiedades m\u00e1s exclusivas en Lanzarote Abraza lo extraordinario con KPG Prestige, donde cada propiedad cuenta una historia Sin\u00f3nimo de exclusividad, calidad y servicio incomparable. Con un compromiso inquebrantable con la excelencia, atendemos a la clientela m\u00e1s exigente que busca el ep\u00edtome de una vida opulenta. Expertos en transacciones de alto patrimonio Portafolio curado de [&hellip;]<\/p>\n","protected":false},"author":1,"featured_media":0,"parent":0,"menu_order":0,"comment_status":"closed","ping_status":"closed","template":"","meta":{"_et_pb_use_builder":"on","_et_pb_old_content":"","_et_gb_content_width":"","footnotes":""},"class_list":["post-247378","page","type-page","status-publish","hentry"],"yoast_head":"<!-- This site is optimized with the Yoast SEO plugin v25.3 - https:\/\/yoast.com\/wordpress\/plugins\/seo\/ -->\n<title>Prime &amp; Luxury - Killeen Property Group<\/title>\n<meta name=\"robots\" content=\"index, follow, max-snippet:-1, max-image-preview:large, max-video-preview:-1\" \/>\n<link rel=\"canonical\" href=\"https:\/\/killeenpropertygroup.com\/es\/prime-luxury\/\" \/>\n<meta property=\"og:locale\" content=\"es_ES\" \/>\n<meta property=\"og:type\" content=\"article\" \/>\n<meta property=\"og:title\" content=\"Prime &amp; Luxury - Killeen Property Group\" \/>\n<meta property=\"og:description\" content=\"Las propiedades m\u00e1s exclusivas en Lanzarote Abraza lo extraordinario con KPG Prestige, donde cada propiedad cuenta una historia Sin\u00f3nimo de exclusividad, calidad y servicio incomparable. Con un compromiso inquebrantable con la excelencia, atendemos a la clientela m\u00e1s exigente que busca el ep\u00edtome de una vida opulenta. Expertos en transacciones de alto patrimonio Portafolio curado de [&hellip;]\" \/>\n<meta property=\"og:url\" content=\"https:\/\/killeenpropertygroup.com\/es\/prime-luxury\/\" \/>\n<meta property=\"og:site_name\" content=\"Killeen Property Group\" \/>\n<meta property=\"article:modified_time\" content=\"2025-07-02T14:46:54+00:00\" \/>\n<meta name=\"twitter:card\" content=\"summary_large_image\" \/>\n<meta name=\"twitter:label1\" content=\"Tiempo de lectura\" \/>\n\t<meta name=\"twitter:data1\" content=\"2 minutos\" \/>\n<script type=\"application\/ld+json\" class=\"yoast-schema-graph\">{\"@context\":\"https:\/\/schema.org\",\"@graph\":[{\"@type\":\"WebPage\",\"@id\":\"https:\/\/killeenpropertygroup.com\/es\/prime-luxury\/\",\"url\":\"https:\/\/killeenpropertygroup.com\/es\/prime-luxury\/\",\"name\":\"Prime & Luxury - Killeen Property Group\",\"isPartOf\":{\"@id\":\"https:\/\/killeenpropertygroup.com\/#website\"},\"datePublished\":\"2023-09-28T13:55:18+00:00\",\"dateModified\":\"2025-07-02T14:46:54+00:00\",\"breadcrumb\":{\"@id\":\"https:\/\/killeenpropertygroup.com\/es\/prime-luxury\/#breadcrumb\"},\"inLanguage\":\"es\",\"potentialAction\":[{\"@type\":\"ReadAction\",\"target\":[\"https:\/\/killeenpropertygroup.com\/es\/prime-luxury\/\"]}]},{\"@type\":\"BreadcrumbList\",\"@id\":\"https:\/\/killeenpropertygroup.com\/es\/prime-luxury\/#breadcrumb\",\"itemListElement\":[{\"@type\":\"ListItem\",\"position\":1,\"name\":\"Home\",\"item\":\"https:\/\/killeenpropertygroup.com\/es\/\"},{\"@type\":\"ListItem\",\"position\":2,\"name\":\"Prime &#038; Luxury\"}]},{\"@type\":\"WebSite\",\"@id\":\"https:\/\/killeenpropertygroup.com\/#website\",\"url\":\"https:\/\/killeenpropertygroup.com\/\",\"name\":\"Killeen Property Group\",\"description\":\"Elevating Property Investment Through Digital Intelligence\",\"publisher\":{\"@id\":\"https:\/\/killeenpropertygroup.com\/#organization\"},\"potentialAction\":[{\"@type\":\"SearchAction\",\"target\":{\"@type\":\"EntryPoint\",\"urlTemplate\":\"https:\/\/killeenpropertygroup.com\/?s={search_term_string}\"},\"query-input\":{\"@type\":\"PropertyValueSpecification\",\"valueRequired\":true,\"valueName\":\"search_term_string\"}}],\"inLanguage\":\"es\"},{\"@type\":\"Organization\",\"@id\":\"https:\/\/killeenpropertygroup.com\/#organization\",\"name\":\"Killeen Property Group\",\"url\":\"https:\/\/killeenpropertygroup.com\/\",\"logo\":{\"@type\":\"ImageObject\",\"inLanguage\":\"es\",\"@id\":\"https:\/\/killeenpropertygroup.com\/#\/schema\/logo\/image\/\",\"url\":\"https:\/\/killeenpropertygroup.com\/wp-content\/uploads\/2025\/06\/KPG_GROUP_logo_white.jpg\",\"contentUrl\":\"https:\/\/killeenpropertygroup.com\/wp-content\/uploads\/2025\/06\/KPG_GROUP_logo_white.jpg\",\"width\":921,\"height\":795,\"caption\":\"Killeen Property Group\"},\"image\":{\"@id\":\"https:\/\/killeenpropertygroup.com\/#\/schema\/logo\/image\/\"},\"sameAs\":[\"https:\/\/www.linkedin.com\/company\/killeen-property-group-kpg-sl\/\"]}]}<\/script>\n<!-- \/ Yoast SEO plugin. -->","yoast_head_json":{"title":"Prime & Luxury - Killeen Property Group","robots":{"index":"index","follow":"follow","max-snippet":"max-snippet:-1","max-image-preview":"max-image-preview:large","max-video-preview":"max-video-preview:-1"},"canonical":"https:\/\/killeenpropertygroup.com\/es\/prime-luxury\/","og_locale":"es_ES","og_type":"article","og_title":"Prime & Luxury - Killeen Property Group","og_description":"Las propiedades m\u00e1s exclusivas en Lanzarote Abraza lo extraordinario con KPG Prestige, donde cada propiedad cuenta una historia Sin\u00f3nimo de exclusividad, calidad y servicio incomparable. Con un compromiso inquebrantable con la excelencia, atendemos a la clientela m\u00e1s exigente que busca el ep\u00edtome de una vida opulenta. Expertos en transacciones de alto patrimonio Portafolio curado de [&hellip;]","og_url":"https:\/\/killeenpropertygroup.com\/es\/prime-luxury\/","og_site_name":"Killeen Property Group","article_modified_time":"2025-07-02T14:46:54+00:00","twitter_card":"summary_large_image","twitter_misc":{"Tiempo de lectura":"2 minutos"},"schema":{"@context":"https:\/\/schema.org","@graph":[{"@type":"WebPage","@id":"https:\/\/killeenpropertygroup.com\/es\/prime-luxury\/","url":"https:\/\/killeenpropertygroup.com\/es\/prime-luxury\/","name":"Prime & Luxury - Killeen Property Group","isPartOf":{"@id":"https:\/\/killeenpropertygroup.com\/#website"},"datePublished":"2023-09-28T13:55:18+00:00","dateModified":"2025-07-02T14:46:54+00:00","breadcrumb":{"@id":"https:\/\/killeenpropertygroup.com\/es\/prime-luxury\/#breadcrumb"},"inLanguage":"es","potentialAction":[{"@type":"ReadAction","target":["https:\/\/killeenpropertygroup.com\/es\/prime-luxury\/"]}]},{"@type":"BreadcrumbList","@id":"https:\/\/killeenpropertygroup.com\/es\/prime-luxury\/#breadcrumb","itemListElement":[{"@type":"ListItem","position":1,"name":"Home","item":"https:\/\/killeenpropertygroup.com\/es\/"},{"@type":"ListItem","position":2,"name":"Prime &#038; Luxury"}]},{"@type":"WebSite","@id":"https:\/\/killeenpropertygroup.com\/#website","url":"https:\/\/killeenpropertygroup.com\/","name":"Killeen Property Group","description":"Elevating Property Investment Through Digital Intelligence","publisher":{"@id":"https:\/\/killeenpropertygroup.com\/#organization"},"potentialAction":[{"@type":"SearchAction","target":{"@type":"EntryPoint","urlTemplate":"https:\/\/killeenpropertygroup.com\/?s={search_term_string}"},"query-input":{"@type":"PropertyValueSpecification","valueRequired":true,"valueName":"search_term_string"}}],"inLanguage":"es"},{"@type":"Organization","@id":"https:\/\/killeenpropertygroup.com\/#organization","name":"Killeen Property Group","url":"https:\/\/killeenpropertygroup.com\/","logo":{"@type":"ImageObject","inLanguage":"es","@id":"https:\/\/killeenpropertygroup.com\/#\/schema\/logo\/image\/","url":"https:\/\/killeenpropertygroup.com\/wp-content\/uploads\/2025\/06\/KPG_GROUP_logo_white.jpg","contentUrl":"https:\/\/killeenpropertygroup.com\/wp-content\/uploads\/2025\/06\/KPG_GROUP_logo_white.jpg","width":921,"height":795,"caption":"Killeen Property Group"},"image":{"@id":"https:\/\/killeenpropertygroup.com\/#\/schema\/logo\/image\/"},"sameAs":["https:\/\/www.linkedin.com\/company\/killeen-property-group-kpg-sl\/"]}]}},"_links":{"self":[{"href":"https:\/\/killeenpropertygroup.com\/es\/wp-json\/wp\/v2\/pages\/247378","targetHints":{"allow":["GET"]}}],"collection":[{"href":"https:\/\/killeenpropertygroup.com\/es\/wp-json\/wp\/v2\/pages"}],"about":[{"href":"https:\/\/killeenpropertygroup.com\/es\/wp-json\/wp\/v2\/types\/page"}],"author":[{"embeddable":true,"href":"https:\/\/killeenpropertygroup.com\/es\/wp-json\/wp\/v2\/users\/1"}],"replies":[{"embeddable":true,"href":"https:\/\/killeenpropertygroup.com\/es\/wp-json\/wp\/v2\/comments?post=247378"}],"version-history":[{"count":6,"href":"https:\/\/killeenpropertygroup.com\/es\/wp-json\/wp\/v2\/pages\/247378\/revisions"}],"predecessor-version":[{"id":248355,"href":"https:\/\/killeenpropertygroup.com\/es\/wp-json\/wp\/v2\/pages\/247378\/revisions\/248355"}],"wp:attachment":[{"href":"https:\/\/killeenpropertygroup.com\/es\/wp-json\/wp\/v2\/media?parent=247378"}],"curies":[{"name":"wp","href":"https:\/\/api.w.org\/{rel}","templated":true}]}}