{"id":247353,"date":"2023-03-09T14:45:42","date_gmt":"2023-03-09T14:45:42","guid":{"rendered":"https:\/\/killeenpropertygroup.com\/about-us\/"},"modified":"2025-11-21T13:11:27","modified_gmt":"2025-11-21T13:11:27","slug":"about-us","status":"publish","type":"page","link":"https:\/\/killeenpropertygroup.com\/es\/about-us\/","title":{"rendered":"Quien somos"},"content":{"rendered":"<p>[et_pb_section fb_built=\u00bb1&#8243; admin_label=\u00bbheader Section\u00bb _builder_version=\u00bb4.27.4&#8243; _module_preset=\u00bbdefault\u00bb background_image=\u00bbhttps:\/\/killeenpropertygroup.com\/wp-content\/uploads\/2024\/12\/symbol-bkgd-web.png\u00bb background_size=\u00bbcontain\u00bb background_position=\u00bbtop_left\u00bb custom_margin=\u00bb0px||0px||false|false\u00bb custom_padding=\u00bb0px||0px||false|false\u00bb global_colors_info=\u00bb{}\u00bb][et_pb_row column_structure=\u00bb2_5,3_5&#8243; _builder_version=\u00bb4.22.2&#8243; _module_preset=\u00bbdefault\u00bb max_height=\u00bb208px\u00bb custom_margin=\u00bb||4vh||false|false\u00bb global_colors_info=\u00bb{}\u00bb][et_pb_column type=\u00bb2_5&#8243; _builder_version=\u00bb4.20.2&#8243; _module_preset=\u00bbdefault\u00bb global_colors_info=\u00bb{}\u00bb][et_pb_text admin_label=\u00bbintro Text\u00bb _builder_version=\u00bb4.27.4&#8243; _module_preset=\u00bbdefault\u00bb text_text_color=\u00bb#0C3A21&#8243; header_text_color=\u00bb#0C4580&#8243; header_font_size=\u00bb34px\u00bb header_letter_spacing=\u00bb-2px\u00bb custom_margin=\u00bb||2px|||\u00bb locked=\u00bboff\u00bb global_colors_info=\u00bb{}\u00bb]<\/p>\n<h1>Quien Somos<\/h1>\n<p>[\/et_pb_text][\/et_pb_column][et_pb_column type=\u00bb3_5&#8243; _builder_version=\u00bb4.20.2&#8243; _module_preset=\u00bbdefault\u00bb global_colors_info=\u00bb{}\u00bb][et_pb_text admin_label=\u00bbintro Text\u00bb _builder_version=\u00bb4.27.4&#8243; _module_preset=\u00bbdefault\u00bb text_font=\u00bb|300|||||||\u00bb text_text_color=\u00bb#000000&#8243; text_font_size=\u00bb19px\u00bb header_text_color=\u00bb#0C3A21&#8243; header_font_size=\u00bb34px\u00bb header_letter_spacing=\u00bb-2px\u00bb locked=\u00bboff\u00bb global_colors_info=\u00bb{}\u00bb]<\/p>\n<p>Operamos en todas las dimensiones del sector inmobiliario en las Islas Canarias para permitirle encontrar su casa o aprovechar sus inversiones.<\/p>\n<p>[\/et_pb_text][\/et_pb_column][\/et_pb_row][et_pb_row module_class=\u00bbsec-bg\u00bb _builder_version=\u00bb4.27.4&#8243; _module_preset=\u00bbdefault\u00bb background_enable_image=\u00bboff\u00bb background_video_mp4=\u00bbhttps:\/\/killeenpropertygroup.com\/wp-content\/uploads\/2025\/06\/about-lanzarote-aerial-720.mp4&#8243; background_video_webm=\u00bbhttps:\/\/killeenpropertygroup.com\/wp-content\/uploads\/2025\/06\/about-lanzarote-aerial-720.webm\u00bb min_height=\u00bb400px\u00bb min_height_tablet=\u00bb200px\u00bb min_height_phone=\u00bb200px\u00bb min_height_last_edited=\u00bbon|desktop\u00bb custom_margin_tablet=\u00bb\u00bb custom_margin_phone=\u00bb|0px|||false|false\u00bb custom_margin_last_edited=\u00bbon|desktop\u00bb global_colors_info=\u00bb{}\u00bb][et_pb_column type=\u00bb4_4&#8243; _builder_version=\u00bb4.20.2&#8243; _module_preset=\u00bbdefault\u00bb global_colors_info=\u00bb{}\u00bb][\/et_pb_column][\/et_pb_row][\/et_pb_section][et_pb_section fb_built=\u00bb1&#8243; _builder_version=\u00bb4.20.2&#8243; _module_preset=\u00bbdefault\u00bb custom_margin=\u00bb0px||0px||false|false\u00bb custom_padding=\u00bb37px||0px||false|false\u00bb global_colors_info=\u00bb{}\u00bb][et_pb_row column_structure=\u00bb3_4,1_4&#8243; _builder_version=\u00bb4.20.2&#8243; _module_preset=\u00bbdefault\u00bb global_colors_info=\u00bb{}\u00bb][et_pb_column type=\u00bb3_4&#8243; _builder_version=\u00bb4.20.2&#8243; _module_preset=\u00bbdefault\u00bb global_colors_info=\u00bb{}\u00bb][et_pb_text admin_label=\u00bbintro Text\u00bb _builder_version=\u00bb4.27.4&#8243; _module_preset=\u00bbdefault\u00bb header_text_color=\u00bb#0C4580&#8243; header_font_size=\u00bb34px\u00bb header_letter_spacing=\u00bb-2px\u00bb locked=\u00bboff\u00bb global_colors_info=\u00bb{}\u00bb]<\/p>\n<h1>Nuestra misi\u00f3n es ayudar a nuestros clientes a realizar sus sue\u00f1os y <span style=\"color: #999999;\">brindar experiencia l\u00edder en el mercado para alcanzar el \u00e9xito.<\/span><\/h1>\n<p>&nbsp;<\/p>\n<p>[\/et_pb_text][\/et_pb_column][et_pb_column type=\u00bb1_4&#8243; _builder_version=\u00bb4.20.2&#8243; _module_preset=\u00bbdefault\u00bb global_colors_info=\u00bb{}\u00bb][\/et_pb_column][\/et_pb_row][\/et_pb_section][et_pb_section fb_built=\u00bb1&#8243; _builder_version=\u00bb4.22.2&#8243; _module_preset=\u00bbdefault\u00bb background_enable_image=\u00bboff\u00bb custom_padding=\u00bb54px|||||\u00bb global_colors_info=\u00bb{}\u00bb][et_pb_row _builder_version=\u00bb4.20.2&#8243; _module_preset=\u00bbdefault\u00bb global_colors_info=\u00bb{}\u00bb][et_pb_column type=\u00bb4_4&#8243; _builder_version=\u00bb4.20.2&#8243; _module_preset=\u00bbdefault\u00bb global_colors_info=\u00bb{}\u00bb][et_pb_text admin_label=\u00bbintro Text\u00bb _builder_version=\u00bb4.27.4&#8243; _module_preset=\u00bbdefault\u00bb header_text_color=\u00bb#0C3A21&#8243; header_font_size=\u00bb34px\u00bb header_letter_spacing=\u00bb-2px\u00bb hover_enabled=\u00bb0&#8243; locked=\u00bboff\u00bb global_colors_info=\u00bb{}\u00bb sticky_enabled=\u00bb0&#8243;]<\/p>\n<p>Presentamos Killeen Property Group, un l\u00edder visionario con una gran experiencia y un enfoque multifac\u00e9tico e impulsado por la tecnolog\u00eda para la industria inmobiliaria. Con una trayectoria comprobada que abarca d\u00e9cadas, nuestro grupo ha cultivado una experiencia incomparable en diversos segmentos del mercado, incluidas propiedades de primera calidad, de nueva construcci\u00f3n o de reventa.<\/p>\n<p>Nuestras divisiones expertas (marcas y colaboradoras) son la piedra angular de nuestro \u00e9xito y satisfacen perfectamente las necesidades \u00fanicas de cada cliente. Desde <a href=\"https:\/\/www.kpgprestige.com\/\" target=\"_blank\" rel=\"noopener\">KPG Prestige<\/a> hasta <a href=\"https:\/\/kpgproperty.com\/\" target=\"_blank\" rel=\"noopener\">KPG Property<\/a>, <a href=\"https:\/\/www.buenavilla.es\/es\/\" target=\"_blank\" rel=\"noopener\">Buenavilla<\/a> y <a href=\"https:\/\/lanzaroteinvestments.com\/hogar\" target=\"_blank\" rel=\"noopener\">Lanzarote Investments<\/a>, cada divisi\u00f3n est\u00e1 dirigida por pioneros de la industria y fortalecida por una vasta red de recursos que nos distinguen. Los esfuerzos filantr\u00f3picos de KPG nos convierten en uno de los principales patrocinadores de <a href=\"https:\/\/www.lanzaroteireland.com\/es\" target=\"_blank\" rel=\"noopener\">Lanzarote Ireland Network<\/a>. Nuestra visi\u00f3n integral abarca un espectro de proyectos inmobiliarios y nuestra dedicaci\u00f3n a la excelencia y la progresi\u00f3n tecnol\u00f3gica sigue siendo inquebrantable, lo que garantiza que, ya sea que busque lujo, un nuevo hogar o una inversi\u00f3n rentable, KPG sea su socio definitivo para convertir sus aspiraciones inmobiliarias en realidad.<\/p>\n<p>[\/et_pb_text][\/et_pb_column][\/et_pb_row][\/et_pb_section][et_pb_section fb_built=\u00bb1&#8243; _builder_version=\u00bb4.22.2&#8243; _module_preset=\u00bbdefault\u00bb background_color=\u00bb#EEF0F0&#8243; custom_padding=\u00bb|||1px||\u00bb global_colors_info=\u00bb{}\u00bb][et_pb_row _builder_version=\u00bb4.22.2&#8243; _module_preset=\u00bbdefault\u00bb min_height=\u00bb187px\u00bb global_colors_info=\u00bb{}\u00bb][et_pb_column type=\u00bb4_4&#8243; _builder_version=\u00bb4.22.2&#8243; _module_preset=\u00bbdefault\u00bb global_colors_info=\u00bb{}\u00bb][et_pb_text _builder_version=\u00bb4.27.4&#8243; _module_preset=\u00bbdefault\u00bb header_text_color=\u00bb#0C4580&#8243; header_font_size=\u00bb34px\u00bb header_letter_spacing=\u00bb-2px\u00bb global_colors_info=\u00bb{}\u00bb]<\/p>\n<h1>Killeen Property Group se sustenta en cinco pilares s\u00f3lidos que impulsan nuestro <span style=\"color: #999999;\">\u00e9xito y dan forma a nuestra identidad como empresa:<\/span><\/h1>\n<p>[\/et_pb_text][\/et_pb_column][\/et_pb_row][et_pb_row column_structure=\u00bb1_5,1_5,1_5,1_5,1_5&#8243; _builder_version=\u00bb4.22.2&#8243; _module_preset=\u00bbdefault\u00bb custom_margin=\u00bb||9px||false|false\u00bb custom_padding=\u00bb||0px||false|false\u00bb global_colors_info=\u00bb{}\u00bb][et_pb_column type=\u00bb1_5&#8243; _builder_version=\u00bb4.22.2&#8243; _module_preset=\u00bbdefault\u00bb global_colors_info=\u00bb{}\u00bb][et_pb_divider divider_position=\u00bbbottom\u00bb divider_weight=\u00bb60px\u00bb _builder_version=\u00bb4.22.2&#8243; _module_preset=\u00bbdefault\u00bb width=\u00bb42%\u00bb module_alignment=\u00bbleft\u00bb global_colors_info=\u00bb{}\u00bb][\/et_pb_divider][\/et_pb_column][et_pb_column type=\u00bb1_5&#8243; _builder_version=\u00bb4.22.2&#8243; _module_preset=\u00bbdefault\u00bb global_colors_info=\u00bb{}\u00bb][et_pb_divider divider_position=\u00bbbottom\u00bb divider_weight=\u00bb70px\u00bb _builder_version=\u00bb4.22.2&#8243; _module_preset=\u00bbdefault\u00bb width=\u00bb42%\u00bb module_alignment=\u00bbleft\u00bb global_colors_info=\u00bb{}\u00bb][\/et_pb_divider][\/et_pb_column][et_pb_column type=\u00bb1_5&#8243; _builder_version=\u00bb4.22.2&#8243; _module_preset=\u00bbdefault\u00bb global_colors_info=\u00bb{}\u00bb][et_pb_divider divider_position=\u00bbbottom\u00bb divider_weight=\u00bb100px\u00bb _builder_version=\u00bb4.22.2&#8243; _module_preset=\u00bbdefault\u00bb width=\u00bb42%\u00bb module_alignment=\u00bbleft\u00bb global_colors_info=\u00bb{}\u00bb][\/et_pb_divider][\/et_pb_column][et_pb_column type=\u00bb1_5&#8243; _builder_version=\u00bb4.22.2&#8243; _module_preset=\u00bbdefault\u00bb global_colors_info=\u00bb{}\u00bb][et_pb_divider divider_position=\u00bbbottom\u00bb divider_weight=\u00bb120px\u00bb _builder_version=\u00bb4.22.2&#8243; _module_preset=\u00bbdefault\u00bb width=\u00bb42%\u00bb module_alignment=\u00bbleft\u00bb global_colors_info=\u00bb{}\u00bb][\/et_pb_divider][\/et_pb_column][et_pb_column type=\u00bb1_5&#8243; _builder_version=\u00bb4.22.2&#8243; _module_preset=\u00bbdefault\u00bb global_colors_info=\u00bb{}\u00bb][et_pb_divider divider_position=\u00bbbottom\u00bb divider_weight=\u00bb140px\u00bb _builder_version=\u00bb4.22.2&#8243; _module_preset=\u00bbdefault\u00bb width=\u00bb42%\u00bb module_alignment=\u00bbleft\u00bb global_colors_info=\u00bb{}\u00bb][\/et_pb_divider][\/et_pb_column][\/et_pb_row][et_pb_row column_structure=\u00bb1_5,1_5,1_5,1_5,1_5&#8243; _builder_version=\u00bb4.22.2&#8243; _module_preset=\u00bbdefault\u00bb min_height=\u00bb344px\u00bb custom_margin=\u00bb0px||||false|false\u00bb custom_padding=\u00bb0px||||false|false\u00bb locked=\u00bboff\u00bb global_colors_info=\u00bb{}\u00bb][et_pb_column type=\u00bb1_5&#8243; _builder_version=\u00bb4.22.2&#8243; _module_preset=\u00bbdefault\u00bb global_colors_info=\u00bb{}\u00bb][et_pb_text _builder_version=\u00bb4.27.4&#8243; _module_preset=\u00bbdefault\u00bb text_font=\u00bb||||||||\u00bb text_font_size=\u00bb12px\u00bb text_line_height=\u00bb1.5em\u00bb header_text_color=\u00bb#009849&#8243; header_font_size=\u00bb48px\u00bb header_letter_spacing=\u00bb-2px\u00bb header_2_text_color=\u00bb#0C4580&#8243; header_2_font_size=\u00bb18px\u00bb global_colors_info=\u00bb{}\u00bb]<\/p>\n<h2>Innovaci\u00f3n-Tecnolog\u00eda<\/h2>\n<p>Abrazamos la innovaci\u00f3n y aprovechamos la tecnolog\u00eda de vanguardia para mantenernos a la vanguardia en el mercado inmobiliario en constante evoluci\u00f3n. Al explorar continuamente nuevas soluciones y enfoques, proporcionamos a nuestros clientes los servicios m\u00e1s avanzados y eficientes.<\/p>\n<p>[\/et_pb_text][\/et_pb_column][et_pb_column type=\u00bb1_5&#8243; _builder_version=\u00bb4.22.2&#8243; _module_preset=\u00bbdefault\u00bb global_colors_info=\u00bb{}\u00bb][et_pb_text _builder_version=\u00bb4.23.1&#8243; _module_preset=\u00bbdefault\u00bb text_font=\u00bb||||||||\u00bb text_font_size=\u00bb12px\u00bb text_line_height=\u00bb1.5em\u00bb header_text_color=\u00bb#009849&#8243; header_font_size=\u00bb48px\u00bb header_letter_spacing=\u00bb-2px\u00bb header_2_text_color=\u00bb#0C4580&#8243; header_2_font_size=\u00bb18px\u00bb global_colors_info=\u00bb{}\u00bb]<\/p>\n<h2>Formaci\u00f3n y experiencia<\/h2>\n<p>En Killeen Property Group, estamos comprometidos a fomentar una cultura de aprendizaje continuo. Invertimos en programas de formaci\u00f3n integrales para crear y mantener un equipo de expertos en propiedades de primer nivel. Esta dedicaci\u00f3n a la experiencia asegura que brindemos el m\u00e1s alto nivel de servicio y asesoramiento a nuestros valiosos clientes.[\/et_pb_text][\/et_pb_column][et_pb_column type=\u00bb1_5&#8243; _builder_version=\u00bb4.22.2&#8243; _module_preset=\u00bbdefault\u00bb global_colors_info=\u00bb{}\u00bb][et_pb_text _builder_version=\u00bb4.23.1&#8243; _module_preset=\u00bbdefault\u00bb text_font=\u00bb||||||||\u00bb text_font_size=\u00bb12px\u00bb text_line_height=\u00bb1.5em\u00bb header_text_color=\u00bb#009849&#8243; header_font_size=\u00bb48px\u00bb header_letter_spacing=\u00bb-2px\u00bb header_2_text_color=\u00bb#0C4580&#8243; header_2_font_size=\u00bb18px\u00bb global_colors_info=\u00bb{}\u00bb]<\/p>\n<h2>Reputaci\u00f3n de excelencia<\/h2>\n<p>Nuestra dedicaci\u00f3n inquebrantable a la excelencia nos ha valido una merecida reputaci\u00f3n en la industria. Nos enorgullece superar consistentemente las expectativas y establecer nuevos est\u00e1ndares de calidad, ganando la confianza y lealtad de nuestros clientes.[\/et_pb_text][\/et_pb_column][et_pb_column type=\u00bb1_5&#8243; _builder_version=\u00bb4.22.2&#8243; _module_preset=\u00bbdefault\u00bb global_colors_info=\u00bb{}\u00bb][et_pb_text _builder_version=\u00bb4.23.1&#8243; _module_preset=\u00bbdefault\u00bb text_font=\u00bb||||||||\u00bb text_font_size=\u00bb12px\u00bb text_line_height=\u00bb1.5em\u00bb header_text_color=\u00bb#009849&#8243; header_font_size=\u00bb48px\u00bb header_letter_spacing=\u00bb-2px\u00bb header_2_text_color=\u00bb#0C4580&#8243; header_2_font_size=\u00bb18px\u00bb global_colors_info=\u00bb{}\u00bb]<\/p>\n<h2>Cultura laboral divertida y orientada a resultados<\/h2>\n<p>Creemos en encontrar el equilibrio perfecto entre el trabajo y el disfrute. Nuestra cultura laboral no solo se orienta a los resultados, sino que tambi\u00e9n fomenta un ambiente divertido y positivo. Trabajamos arduamente y disfrutamos de lo que hacemos, reflej\u00e1ndose en nuestra dedicaci\u00f3n y entusiasmo por cada proyecto que emprendemos.[\/et_pb_text][\/et_pb_column][et_pb_column type=\u00bb1_5&#8243; _builder_version=\u00bb4.22.2&#8243; _module_preset=\u00bbdefault\u00bb global_colors_info=\u00bb{}\u00bb][et_pb_text _builder_version=\u00bb4.23.1&#8243; _module_preset=\u00bbdefault\u00bb text_font=\u00bb||||||||\u00bb text_font_size=\u00bb12px\u00bb text_line_height=\u00bb1.5em\u00bb header_text_color=\u00bb#009849&#8243; header_font_size=\u00bb48px\u00bb header_letter_spacing=\u00bb-2px\u00bb header_2_text_color=\u00bb#0C4580&#8243; header_2_font_size=\u00bb18px\u00bb global_colors_info=\u00bb{}\u00bb]<\/p>\n<h2>Trabajo en equipo y respeto<\/h2>\n<p>La colaboraci\u00f3n es el coraz\u00f3n de nuestro \u00e9xito. Fomentamos el trabajo en equipo y enfatizamos el valor del respeto mutuo entre los miembros de nuestro equipo. Al trabajar juntos y apoyarnos mutuamente, fortalecemos nuestra capacidad para brindar servicios sobresalientes y ofrecer resultados excepcionales para nuestros clientes.[\/et_pb_text][\/et_pb_column][\/et_pb_row][et_pb_row _builder_version=\u00bb4.22.2&#8243; _module_preset=\u00bbdefault\u00bb global_colors_info=\u00bb{}\u00bb][et_pb_column type=\u00bb4_4&#8243; _builder_version=\u00bb4.22.2&#8243; _module_preset=\u00bbdefault\u00bb global_colors_info=\u00bb{}\u00bb][et_pb_text _builder_version=\u00bb4.23.1&#8243; _module_preset=\u00bbdefault\u00bb text_font=\u00bb|300|||||||\u00bb text_font_size=\u00bb16px\u00bb text_line_height=\u00bb1.5em\u00bb header_text_color=\u00bb#009849&#8243; header_font_size=\u00bb48px\u00bb header_letter_spacing=\u00bb-2px\u00bb header_2_text_color=\u00bb#009849&#8243; global_colors_info=\u00bb{}\u00bb]Estos pilares son la base de Killeen Property Group, gui\u00e1ndonos hacia nuestra misi\u00f3n de liderar el mercado inmobiliario en las Islas Canarias a trav\u00e9s de la experiencia, la innovaci\u00f3n y la excelencia.[\/et_pb_text][\/et_pb_column][\/et_pb_row][\/et_pb_section]<\/p>\n","protected":false},"excerpt":{"rendered":"<p>Quien SomosOperamos en todas las dimensiones del sector inmobiliario en las Islas Canarias para permitirle encontrar su casa o aprovechar sus inversiones.Nuestra misi\u00f3n es ayudar a nuestros clientes a realizar sus sue\u00f1os y brindar experiencia l\u00edder en el mercado para alcanzar el \u00e9xito. &nbsp;Presentamos Killeen Property Group, un l\u00edder visionario con una gran experiencia y [&hellip;]<\/p>\n","protected":false},"author":1,"featured_media":0,"parent":0,"menu_order":0,"comment_status":"closed","ping_status":"closed","template":"","meta":{"_et_pb_use_builder":"on","_et_pb_old_content":"","_et_gb_content_width":"","footnotes":""},"class_list":["post-247353","page","type-page","status-publish","hentry"],"yoast_head":"<!-- This site is optimized with the Yoast SEO plugin v25.3 - https:\/\/yoast.com\/wordpress\/plugins\/seo\/ -->\n<title>Quien somos - Killeen Property Group<\/title>\n<meta name=\"robots\" content=\"index, follow, max-snippet:-1, max-image-preview:large, max-video-preview:-1\" \/>\n<link rel=\"canonical\" href=\"https:\/\/killeenpropertygroup.com\/es\/about-us\/\" \/>\n<meta property=\"og:locale\" content=\"es_ES\" \/>\n<meta property=\"og:type\" content=\"article\" \/>\n<meta property=\"og:title\" content=\"Quien somos - Killeen Property Group\" \/>\n<meta property=\"og:description\" content=\"Quien SomosOperamos en todas las dimensiones del sector inmobiliario en las Islas Canarias para permitirle encontrar su casa o aprovechar sus inversiones.Nuestra misi\u00f3n es ayudar a nuestros clientes a realizar sus sue\u00f1os y brindar experiencia l\u00edder en el mercado para alcanzar el \u00e9xito. &nbsp;Presentamos Killeen Property Group, un l\u00edder visionario con una gran experiencia y [&hellip;]\" \/>\n<meta property=\"og:url\" content=\"https:\/\/killeenpropertygroup.com\/es\/about-us\/\" \/>\n<meta property=\"og:site_name\" content=\"Killeen Property Group\" \/>\n<meta property=\"article:modified_time\" content=\"2025-11-21T13:11:27+00:00\" \/>\n<meta name=\"twitter:card\" content=\"summary_large_image\" \/>\n<meta name=\"twitter:label1\" content=\"Tiempo de lectura\" \/>\n\t<meta name=\"twitter:data1\" content=\"3 minutos\" \/>\n<script type=\"application\/ld+json\" class=\"yoast-schema-graph\">{\"@context\":\"https:\/\/schema.org\",\"@graph\":[{\"@type\":\"WebPage\",\"@id\":\"https:\/\/killeenpropertygroup.com\/es\/about-us\/\",\"url\":\"https:\/\/killeenpropertygroup.com\/es\/about-us\/\",\"name\":\"Quien somos - Killeen Property Group\",\"isPartOf\":{\"@id\":\"https:\/\/killeenpropertygroup.com\/#website\"},\"datePublished\":\"2023-03-09T14:45:42+00:00\",\"dateModified\":\"2025-11-21T13:11:27+00:00\",\"breadcrumb\":{\"@id\":\"https:\/\/killeenpropertygroup.com\/es\/about-us\/#breadcrumb\"},\"inLanguage\":\"es\",\"potentialAction\":[{\"@type\":\"ReadAction\",\"target\":[\"https:\/\/killeenpropertygroup.com\/es\/about-us\/\"]}]},{\"@type\":\"BreadcrumbList\",\"@id\":\"https:\/\/killeenpropertygroup.com\/es\/about-us\/#breadcrumb\",\"itemListElement\":[{\"@type\":\"ListItem\",\"position\":1,\"name\":\"Home\",\"item\":\"https:\/\/killeenpropertygroup.com\/es\/\"},{\"@type\":\"ListItem\",\"position\":2,\"name\":\"Quien somos\"}]},{\"@type\":\"WebSite\",\"@id\":\"https:\/\/killeenpropertygroup.com\/#website\",\"url\":\"https:\/\/killeenpropertygroup.com\/\",\"name\":\"Killeen Property Group\",\"description\":\"Elevating Property Investment Through Digital Intelligence\",\"publisher\":{\"@id\":\"https:\/\/killeenpropertygroup.com\/#organization\"},\"potentialAction\":[{\"@type\":\"SearchAction\",\"target\":{\"@type\":\"EntryPoint\",\"urlTemplate\":\"https:\/\/killeenpropertygroup.com\/?s={search_term_string}\"},\"query-input\":{\"@type\":\"PropertyValueSpecification\",\"valueRequired\":true,\"valueName\":\"search_term_string\"}}],\"inLanguage\":\"es\"},{\"@type\":\"Organization\",\"@id\":\"https:\/\/killeenpropertygroup.com\/#organization\",\"name\":\"Killeen Property Group\",\"url\":\"https:\/\/killeenpropertygroup.com\/\",\"logo\":{\"@type\":\"ImageObject\",\"inLanguage\":\"es\",\"@id\":\"https:\/\/killeenpropertygroup.com\/#\/schema\/logo\/image\/\",\"url\":\"https:\/\/killeenpropertygroup.com\/wp-content\/uploads\/2025\/06\/KPG_GROUP_logo_white.jpg\",\"contentUrl\":\"https:\/\/killeenpropertygroup.com\/wp-content\/uploads\/2025\/06\/KPG_GROUP_logo_white.jpg\",\"width\":921,\"height\":795,\"caption\":\"Killeen Property Group\"},\"image\":{\"@id\":\"https:\/\/killeenpropertygroup.com\/#\/schema\/logo\/image\/\"},\"sameAs\":[\"https:\/\/www.linkedin.com\/company\/killeen-property-group-kpg-sl\/\"]}]}<\/script>\n<!-- \/ Yoast SEO plugin. -->","yoast_head_json":{"title":"Quien somos - Killeen Property Group","robots":{"index":"index","follow":"follow","max-snippet":"max-snippet:-1","max-image-preview":"max-image-preview:large","max-video-preview":"max-video-preview:-1"},"canonical":"https:\/\/killeenpropertygroup.com\/es\/about-us\/","og_locale":"es_ES","og_type":"article","og_title":"Quien somos - Killeen Property Group","og_description":"Quien SomosOperamos en todas las dimensiones del sector inmobiliario en las Islas Canarias para permitirle encontrar su casa o aprovechar sus inversiones.Nuestra misi\u00f3n es ayudar a nuestros clientes a realizar sus sue\u00f1os y brindar experiencia l\u00edder en el mercado para alcanzar el \u00e9xito. &nbsp;Presentamos Killeen Property Group, un l\u00edder visionario con una gran experiencia y [&hellip;]","og_url":"https:\/\/killeenpropertygroup.com\/es\/about-us\/","og_site_name":"Killeen Property Group","article_modified_time":"2025-11-21T13:11:27+00:00","twitter_card":"summary_large_image","twitter_misc":{"Tiempo de lectura":"3 minutos"},"schema":{"@context":"https:\/\/schema.org","@graph":[{"@type":"WebPage","@id":"https:\/\/killeenpropertygroup.com\/es\/about-us\/","url":"https:\/\/killeenpropertygroup.com\/es\/about-us\/","name":"Quien somos - Killeen Property Group","isPartOf":{"@id":"https:\/\/killeenpropertygroup.com\/#website"},"datePublished":"2023-03-09T14:45:42+00:00","dateModified":"2025-11-21T13:11:27+00:00","breadcrumb":{"@id":"https:\/\/killeenpropertygroup.com\/es\/about-us\/#breadcrumb"},"inLanguage":"es","potentialAction":[{"@type":"ReadAction","target":["https:\/\/killeenpropertygroup.com\/es\/about-us\/"]}]},{"@type":"BreadcrumbList","@id":"https:\/\/killeenpropertygroup.com\/es\/about-us\/#breadcrumb","itemListElement":[{"@type":"ListItem","position":1,"name":"Home","item":"https:\/\/killeenpropertygroup.com\/es\/"},{"@type":"ListItem","position":2,"name":"Quien somos"}]},{"@type":"WebSite","@id":"https:\/\/killeenpropertygroup.com\/#website","url":"https:\/\/killeenpropertygroup.com\/","name":"Killeen Property Group","description":"Elevating Property Investment Through Digital Intelligence","publisher":{"@id":"https:\/\/killeenpropertygroup.com\/#organization"},"potentialAction":[{"@type":"SearchAction","target":{"@type":"EntryPoint","urlTemplate":"https:\/\/killeenpropertygroup.com\/?s={search_term_string}"},"query-input":{"@type":"PropertyValueSpecification","valueRequired":true,"valueName":"search_term_string"}}],"inLanguage":"es"},{"@type":"Organization","@id":"https:\/\/killeenpropertygroup.com\/#organization","name":"Killeen Property Group","url":"https:\/\/killeenpropertygroup.com\/","logo":{"@type":"ImageObject","inLanguage":"es","@id":"https:\/\/killeenpropertygroup.com\/#\/schema\/logo\/image\/","url":"https:\/\/killeenpropertygroup.com\/wp-content\/uploads\/2025\/06\/KPG_GROUP_logo_white.jpg","contentUrl":"https:\/\/killeenpropertygroup.com\/wp-content\/uploads\/2025\/06\/KPG_GROUP_logo_white.jpg","width":921,"height":795,"caption":"Killeen Property Group"},"image":{"@id":"https:\/\/killeenpropertygroup.com\/#\/schema\/logo\/image\/"},"sameAs":["https:\/\/www.linkedin.com\/company\/killeen-property-group-kpg-sl\/"]}]}},"_links":{"self":[{"href":"https:\/\/killeenpropertygroup.com\/es\/wp-json\/wp\/v2\/pages\/247353","targetHints":{"allow":["GET"]}}],"collection":[{"href":"https:\/\/killeenpropertygroup.com\/es\/wp-json\/wp\/v2\/pages"}],"about":[{"href":"https:\/\/killeenpropertygroup.com\/es\/wp-json\/wp\/v2\/types\/page"}],"author":[{"embeddable":true,"href":"https:\/\/killeenpropertygroup.com\/es\/wp-json\/wp\/v2\/users\/1"}],"replies":[{"embeddable":true,"href":"https:\/\/killeenpropertygroup.com\/es\/wp-json\/wp\/v2\/comments?post=247353"}],"version-history":[{"count":12,"href":"https:\/\/killeenpropertygroup.com\/es\/wp-json\/wp\/v2\/pages\/247353\/revisions"}],"predecessor-version":[{"id":248390,"href":"https:\/\/killeenpropertygroup.com\/es\/wp-json\/wp\/v2\/pages\/247353\/revisions\/248390"}],"wp:attachment":[{"href":"https:\/\/killeenpropertygroup.com\/es\/wp-json\/wp\/v2\/media?parent=247353"}],"curies":[{"name":"wp","href":"https:\/\/api.w.org\/{rel}","templated":true}]}}